{"id":1,"date":"2010-11-24T12:42:34","date_gmt":"2010-11-24T12:42:34","guid":{"rendered":"http:\/\/www.bedandbreakfast.nl\/blog\/eigenaren\/?page_id=2"},"modified":"2026-02-13T15:42:47","modified_gmt":"2026-02-13T14:42:47","slug":"registreer-je-bb","status":"publish","type":"page","link":"https:\/\/blog.bedandbreakfast.nl\/eigenaren\/registreer-je-bb\/","title":{"rendered":"Registreer je B&#038;B"},"content":{"rendered":"<p><img loading=\"lazy\" decoding=\"async\" class=\"alignnone wp-image-19662 size-full\" src=\"https:\/\/blog.bedandbreakfast.nl\/eigenaren\/wp-content\/uploads\/2025\/11\/bed-and-breakfast-nederland-registreren.jpg\" alt=\"\" width=\"1140\" height=\"179\" srcset=\"https:\/\/blog.bedandbreakfast.nl\/eigenaren\/wp-content\/uploads\/2025\/11\/bed-and-breakfast-nederland-registreren.jpg 1140w, https:\/\/blog.bedandbreakfast.nl\/eigenaren\/wp-content\/uploads\/2025\/11\/bed-and-breakfast-nederland-registreren-300x47.jpg 300w, https:\/\/blog.bedandbreakfast.nl\/eigenaren\/wp-content\/uploads\/2025\/11\/bed-and-breakfast-nederland-registreren-1024x161.jpg 1024w, https:\/\/blog.bedandbreakfast.nl\/eigenaren\/wp-content\/uploads\/2025\/11\/bed-and-breakfast-nederland-registreren-768x121.jpg 768w, https:\/\/blog.bedandbreakfast.nl\/eigenaren\/wp-content\/uploads\/2025\/11\/bed-and-breakfast-nederland-registreren-810x127.jpg 810w\" sizes=\"auto, (max-width: 1140px) 100vw, 1140px\" \/><\/p>\n<h4><strong>Meer bezoekers voor je B&amp;B<\/strong><\/h4>\n<p>Ben je de trotse eigenaar van een B&amp;B, appartement, vakantiehuis of andere kleinschalige accommodatie? Registreer je dan op Bedandbreakfast.nl, zodat je B&amp;B optimaal vindbaar wordt voor miljoenen B&amp;B-liefhebbers uit binnen- \u00e9n buitenland. Dit zijn onze voordelen:<\/p>\n<ul>\n<li>Vast laag jaarbedrag, g\u00e9\u00e9n commissie per reservering<\/li>\n<li>Direct contact met je gasten en geldzaken in eigen beheer<\/li>\n<li>Optimaal vindbaar in Google en via AI-tools<\/li>\n<li>Reserveringsmodule voor je eigen website inbegrepen<\/li>\n<li>Exclusieve kortingen op inkoop en verzekeringen<\/li>\n<li>Persoonlijke service en support<\/li>\n<\/ul>\n<p><strong><a class=\"mks_button mks_button_medium rounded\" href=\"https:\/\/www.bedandbreakfast.nl\/nl\/register\" target=\"_blank\" style=\"color: #FFFFFF; background-color: #e3458c;\" >Registreer je B&amp;B op Bedandbreakfast.nl<\/a><\/strong><\/p>\n","protected":false},"excerpt":{"rendered":"<p>Meer bezoekers voor je B&amp;B Ben je de trotse eigenaar van een B&amp;B, appartement, vakantiehuis of andere kleinschalige accommodatie? Registreer je dan op Bedandbreakfast.nl, zodat je B&amp;B optimaal vindbaar wordt voor miljoenen B&amp;B-liefhebbers uit binnen- \u00e9n buitenland. Dit zijn onze voordelen: Vast laag jaarbedrag, g\u00e9\u00e9n commissie per reservering Direct contact met je gasten en geldzaken [&hellip;]<\/p>\n","protected":false},"author":1,"featured_media":0,"parent":0,"menu_order":0,"comment_status":"open","ping_status":"closed","template":"template-modules.php","meta":{"_monsterinsights_skip_tracking":false,"_monsterinsights_sitenote_active":false,"_monsterinsights_sitenote_note":"","_monsterinsights_sitenote_category":0,"footnotes":""},"coauthors":[518],"class_list":["post-1","page","type-page","status-publish","hentry"],"yoast_head":"<!-- This site is optimized with the Yoast SEO plugin v27.5 - https:\/\/yoast.com\/product\/yoast-seo-wordpress\/ -->\n<title>Je B&amp;B beter Vindbaar. Meer Boekingen | Regel nu een Vermelding op Bedandbreakfast.nl<\/title>\n<meta name=\"description\" content=\"Met een vermelding op Bedandbreakfast.nl ben je beter vindbaar en realiseer je meer boekingen. Meld je nu aan op de grootste B&amp;B-website van Nederland!\" \/>\n<meta name=\"robots\" content=\"index, follow, max-snippet:-1, max-image-preview:large, max-video-preview:-1\" \/>\n<link rel=\"canonical\" href=\"https:\/\/blog.bedandbreakfast.nl\/eigenaren\/registreer-je-bb\/\" \/>\n<meta property=\"og:locale\" content=\"nl_NL\" \/>\n<meta property=\"og:type\" content=\"article\" \/>\n<meta property=\"og:title\" content=\"Je B&amp;B beter Vindbaar. Meer Boekingen | Regel nu een Vermelding op Bedandbreakfast.nl\" \/>\n<meta property=\"og:description\" content=\"Met een vermelding op Bedandbreakfast.nl ben je beter vindbaar en realiseer je meer boekingen. Meld je nu aan op de grootste B&amp;B-website van Nederland!\" \/>\n<meta property=\"og:url\" content=\"https:\/\/blog.bedandbreakfast.nl\/eigenaren\/registreer-je-bb\/\" \/>\n<meta property=\"og:site_name\" content=\"Bed and Breakfast Nieuws | Blog voor B&amp;B Eigenaren\" \/>\n<meta property=\"article:modified_time\" content=\"2026-02-13T14:42:47+00:00\" \/>\n<meta property=\"og:image\" content=\"https:\/\/blog.bedandbreakfast.nl\/eigenaren\/wp-content\/uploads\/2025\/11\/bed-and-breakfast-nederland-registreren.jpg\" \/>\n\t<meta property=\"og:image:width\" content=\"1140\" \/>\n\t<meta property=\"og:image:height\" content=\"179\" \/>\n\t<meta property=\"og:image:type\" content=\"image\/jpeg\" \/>\n<meta name=\"twitter:label1\" content=\"Geschatte leestijd\" \/>\n\t<meta name=\"twitter:data1\" content=\"1 minuut\" \/>\n\t<meta name=\"twitter:label2\" content=\"Written by\" \/>\n\t<meta name=\"twitter:data2\" content=\"Jos\" \/>\n<script type=\"application\/ld+json\" class=\"yoast-schema-graph\">{\"@context\":\"https:\\\/\\\/schema.org\",\"@graph\":[{\"@type\":\"WebPage\",\"@id\":\"https:\\\/\\\/blog.bedandbreakfast.nl\\\/eigenaren\\\/registreer-je-bb\\\/\",\"url\":\"https:\\\/\\\/blog.bedandbreakfast.nl\\\/eigenaren\\\/registreer-je-bb\\\/\",\"name\":\"Je B&B beter Vindbaar. Meer Boekingen | Regel nu een Vermelding op Bedandbreakfast.nl\",\"isPartOf\":{\"@id\":\"https:\\\/\\\/blog.bedandbreakfast.nl\\\/eigenaren\\\/#website\"},\"primaryImageOfPage\":{\"@id\":\"https:\\\/\\\/blog.bedandbreakfast.nl\\\/eigenaren\\\/registreer-je-bb\\\/#primaryimage\"},\"image\":{\"@id\":\"https:\\\/\\\/blog.bedandbreakfast.nl\\\/eigenaren\\\/registreer-je-bb\\\/#primaryimage\"},\"thumbnailUrl\":\"https:\\\/\\\/blog.bedandbreakfast.nl\\\/eigenaren\\\/wp-content\\\/uploads\\\/2025\\\/11\\\/bed-and-breakfast-nederland-registreren.jpg\",\"datePublished\":\"2010-11-24T12:42:34+00:00\",\"dateModified\":\"2026-02-13T14:42:47+00:00\",\"description\":\"Met een vermelding op Bedandbreakfast.nl ben je beter vindbaar en realiseer je meer boekingen. Meld je nu aan op de grootste B&B-website van Nederland!\",\"inLanguage\":\"nl-NL\",\"potentialAction\":[{\"@type\":\"ReadAction\",\"target\":[\"https:\\\/\\\/blog.bedandbreakfast.nl\\\/eigenaren\\\/registreer-je-bb\\\/\"]}]},{\"@type\":\"ImageObject\",\"inLanguage\":\"nl-NL\",\"@id\":\"https:\\\/\\\/blog.bedandbreakfast.nl\\\/eigenaren\\\/registreer-je-bb\\\/#primaryimage\",\"url\":\"https:\\\/\\\/blog.bedandbreakfast.nl\\\/eigenaren\\\/wp-content\\\/uploads\\\/2025\\\/11\\\/bed-and-breakfast-nederland-registreren.jpg\",\"contentUrl\":\"https:\\\/\\\/blog.bedandbreakfast.nl\\\/eigenaren\\\/wp-content\\\/uploads\\\/2025\\\/11\\\/bed-and-breakfast-nederland-registreren.jpg\",\"width\":1140,\"height\":179},{\"@type\":\"WebSite\",\"@id\":\"https:\\\/\\\/blog.bedandbreakfast.nl\\\/eigenaren\\\/#website\",\"url\":\"https:\\\/\\\/blog.bedandbreakfast.nl\\\/eigenaren\\\/\",\"name\":\"Bed and Breakfast Nieuws | Blog voor B&amp;B Eigenaren\",\"description\":\"\",\"potentialAction\":[{\"@type\":\"SearchAction\",\"target\":{\"@type\":\"EntryPoint\",\"urlTemplate\":\"https:\\\/\\\/blog.bedandbreakfast.nl\\\/eigenaren\\\/?s={search_term_string}\"},\"query-input\":{\"@type\":\"PropertyValueSpecification\",\"valueRequired\":true,\"valueName\":\"search_term_string\"}}],\"inLanguage\":\"nl-NL\"}]}<\/script>\n<!-- \/ Yoast SEO plugin. -->","yoast_head_json":{"title":"Je B&B beter Vindbaar. Meer Boekingen | Regel nu een Vermelding op Bedandbreakfast.nl","description":"Met een vermelding op Bedandbreakfast.nl ben je beter vindbaar en realiseer je meer boekingen. Meld je nu aan op de grootste B&B-website van Nederland!","robots":{"index":"index","follow":"follow","max-snippet":"max-snippet:-1","max-image-preview":"max-image-preview:large","max-video-preview":"max-video-preview:-1"},"canonical":"https:\/\/blog.bedandbreakfast.nl\/eigenaren\/registreer-je-bb\/","og_locale":"nl_NL","og_type":"article","og_title":"Je B&B beter Vindbaar. Meer Boekingen | Regel nu een Vermelding op Bedandbreakfast.nl","og_description":"Met een vermelding op Bedandbreakfast.nl ben je beter vindbaar en realiseer je meer boekingen. Meld je nu aan op de grootste B&B-website van Nederland!","og_url":"https:\/\/blog.bedandbreakfast.nl\/eigenaren\/registreer-je-bb\/","og_site_name":"Bed and Breakfast Nieuws | Blog voor B&amp;B Eigenaren","article_modified_time":"2026-02-13T14:42:47+00:00","og_image":[{"width":1140,"height":179,"url":"https:\/\/blog.bedandbreakfast.nl\/eigenaren\/wp-content\/uploads\/2025\/11\/bed-and-breakfast-nederland-registreren.jpg","type":"image\/jpeg"}],"twitter_misc":{"Geschatte leestijd":"1 minuut","Written by":"Jos"},"schema":{"@context":"https:\/\/schema.org","@graph":[{"@type":"WebPage","@id":"https:\/\/blog.bedandbreakfast.nl\/eigenaren\/registreer-je-bb\/","url":"https:\/\/blog.bedandbreakfast.nl\/eigenaren\/registreer-je-bb\/","name":"Je B&B beter Vindbaar. Meer Boekingen | Regel nu een Vermelding op Bedandbreakfast.nl","isPartOf":{"@id":"https:\/\/blog.bedandbreakfast.nl\/eigenaren\/#website"},"primaryImageOfPage":{"@id":"https:\/\/blog.bedandbreakfast.nl\/eigenaren\/registreer-je-bb\/#primaryimage"},"image":{"@id":"https:\/\/blog.bedandbreakfast.nl\/eigenaren\/registreer-je-bb\/#primaryimage"},"thumbnailUrl":"https:\/\/blog.bedandbreakfast.nl\/eigenaren\/wp-content\/uploads\/2025\/11\/bed-and-breakfast-nederland-registreren.jpg","datePublished":"2010-11-24T12:42:34+00:00","dateModified":"2026-02-13T14:42:47+00:00","description":"Met een vermelding op Bedandbreakfast.nl ben je beter vindbaar en realiseer je meer boekingen. Meld je nu aan op de grootste B&B-website van Nederland!","inLanguage":"nl-NL","potentialAction":[{"@type":"ReadAction","target":["https:\/\/blog.bedandbreakfast.nl\/eigenaren\/registreer-je-bb\/"]}]},{"@type":"ImageObject","inLanguage":"nl-NL","@id":"https:\/\/blog.bedandbreakfast.nl\/eigenaren\/registreer-je-bb\/#primaryimage","url":"https:\/\/blog.bedandbreakfast.nl\/eigenaren\/wp-content\/uploads\/2025\/11\/bed-and-breakfast-nederland-registreren.jpg","contentUrl":"https:\/\/blog.bedandbreakfast.nl\/eigenaren\/wp-content\/uploads\/2025\/11\/bed-and-breakfast-nederland-registreren.jpg","width":1140,"height":179},{"@type":"WebSite","@id":"https:\/\/blog.bedandbreakfast.nl\/eigenaren\/#website","url":"https:\/\/blog.bedandbreakfast.nl\/eigenaren\/","name":"Bed and Breakfast Nieuws | Blog voor B&amp;B Eigenaren","description":"","potentialAction":[{"@type":"SearchAction","target":{"@type":"EntryPoint","urlTemplate":"https:\/\/blog.bedandbreakfast.nl\/eigenaren\/?s={search_term_string}"},"query-input":{"@type":"PropertyValueSpecification","valueRequired":true,"valueName":"search_term_string"}}],"inLanguage":"nl-NL"}]}},"jetpack_shortlink":"https:\/\/wp.me\/P1XIgm-1","jetpack_sharing_enabled":true,"_links":{"self":[{"href":"https://www.bedandbreakfast.nl/blog/eigenaren/wp-json/wp\/v2\/pages\/1","targetHints":{"allow":["GET"]}}],"collection":[{"href":"https://www.bedandbreakfast.nl/blog/eigenaren/wp-json/wp\/v2\/pages"}],"about":[{"href":"https://www.bedandbreakfast.nl/blog/eigenaren/wp-json/wp\/v2\/types\/page"}],"author":[{"embeddable":true,"href":"https://www.bedandbreakfast.nl/blog/eigenaren/wp-json/wp\/v2\/users\/1"}],"replies":[{"embeddable":true,"href":"https://www.bedandbreakfast.nl/blog/eigenaren/wp-json/wp\/v2\/comments?post=1"}],"version-history":[{"count":44,"href":"https://www.bedandbreakfast.nl/blog/eigenaren/wp-json/wp\/v2\/pages\/1\/revisions"}],"predecessor-version":[{"id":19812,"href":"https://www.bedandbreakfast.nl/blog/eigenaren/wp-json/wp\/v2\/pages\/1\/revisions\/19812"}],"wp:attachment":[{"href":"https://www.bedandbreakfast.nl/blog/eigenaren/wp-json/wp\/v2\/media?parent=1"}],"wp:term":[{"taxonomy":"author","embeddable":true,"href":"https://www.bedandbreakfast.nl/blog/eigenaren/wp-json/wp\/v2\/coauthors?post=1"}],"curies":[{"name":"wp","href":"https:\/\/api.w.org\/{rel}","templated":true}]}}